{"id":1653,"date":"2021-08-30T16:16:20","date_gmt":"2021-08-30T14:16:20","guid":{"rendered":"https:\/\/grand-mayne.com\/?page_id=1653"},"modified":"2025-03-13T11:38:15","modified_gmt":"2025-03-13T10:38:15","slug":"chateau-grand-mayne","status":"publish","type":"page","link":"https:\/\/grand-mayne.com\/en\/wines\/chateau-grand-mayne\/","title":{"rendered":"Ch\u00e2teau Grand Mayne"},"content":{"rendered":"<p>[et_pb_section fb_built=&#8221;1&#8243; fullwidth=&#8221;on&#8221; admin_label=&#8221;Menu fullscreen&#8221; module_class=&#8221;fullscreen_hero&#8221; _builder_version=&#8221;4.9.7&#8243; _module_preset=&#8221;default&#8221; custom_margin=&#8221;0px||0px||false|false&#8221; custom_padding=&#8221;0px||||false|false&#8221; hover_enabled=&#8221;0&#8243; background_color=&#8221;RGBA(0,0,0,0)&#8221; sticky_enabled=&#8221;0&#8243;][et_pb_fullwidth_header title=&#8221; Ch\u00e2teau<span class=%22last%22>Grand Mayne<\/span>&#8221; header_fullscreen=&#8221;on&#8221; _builder_version=&#8221;4.9.7&#8243; _module_preset=&#8221;default&#8221; background_enable_color=&#8221;off&#8221; background_image=&#8221;https:\/\/grand-mayne.com\/wp-content\/uploads\/2021\/06\/Ch-Grand-Mayne-2015-Ambiance.png&#8221; parallax=&#8221;on&#8221;]<a href=\"#under_hero\"><span class=\"losange_v\">&nbsp;<\/span><\/a>[\/et_pb_fullwidth_header][\/et_pb_section][et_pb_section fb_built=&#8221;1&#8243; module_id=&#8221;under_hero&#8221; module_class=&#8221;nosvins_single&#8221; _builder_version=&#8221;4.9.7&#8243; _module_preset=&#8221;default&#8221; background_color=&#8221;#000000&#8243;][et_pb_row column_structure=&#8221;3_4,1_4&#8243; _builder_version=&#8221;4.9.7&#8243; _module_preset=&#8221;default&#8221;][et_pb_column type=&#8221;3_4&#8243; _builder_version=&#8221;4.9.7&#8243; _module_preset=&#8221;default&#8221;][et_pb_code _builder_version=&#8221;4.9.7&#8243; _module_preset=&#8221;default&#8221;]<img decoding=\"async\" src=\"\/wp-content\/uploads\/2021\/06\/Ch-Grand-Mayne-SM.png\"><!-- [et_pb_line_break_holder] --><!-- [et_pb_line_break_holder] --><\/p>\n<div class=\"content\"><!-- [et_pb_line_break_holder] --><!-- [et_pb_line_break_holder] --><\/p>\n<h2>Ch\u00e2teau Grand Mayne<\/h2>\n<p><!-- [et_pb_line_break_holder] --><\/p>\n<ul><!-- [et_pb_line_break_holder] -->\t<\/p>\n<li><strong>Description :<\/strong> &#8220;A wine must reflect its terroir, its origins. We strongly believe that the uniqueness of the vineyard\u2019s location is fundamental in the conception of a great wine. There can never be a great wine without a great vineyard.&#8221; Jean-Antoine &#038; Damien NONY<!-- [et_pb_line_break_holder] -->In this respect, the wines of Ch\u00e2teau Grand Mayne are completely expressive of their place of origin. They are proud representatives of the best terroirs of the western hillside and foot of St. \u00c9milion, composed of clay and limestone. A subtle blend of merlot and cabernet franc, the wines of Grand Mayne combine the power of fruit, elegant tension and finesse. Known for their excellent ageing potential, the recent vintages of Ch\u00e2teau Grand Mayne are now more open and accessible in their early years.<!-- [et_pb_line_break_holder] -->  <\/li>\n<\/ul>\n<p><!-- [et_pb_line_break_holder] -->  <\/p>\n<ul><!-- [et_pb_line_break_holder] -->    <\/p>\n<li><strong>Appellation : <\/strong> Saint-Emilion Grand Cru<\/li>\n<p><!-- [et_pb_line_break_holder] -->    <\/p>\n<li><strong>Typical Blend : <\/strong> 80% Merlot \/ 20% Cabernet Franc<\/li>\n<p><!-- [et_pb_line_break_holder] -->\t<\/p>\n<li><strong>Soil Type : <\/strong>Clay-limestone on the hillside and, at its foot, on clay soil<\/li>\n<p><!-- [et_pb_line_break_holder] -->\t<\/p>\n<li><strong>Vine Age : <\/strong>35 years<\/li>\n<p><!-- [et_pb_line_break_holder] -->\t<\/p>\n<li><strong>Maturing : <\/strong>18 months in barrels (70% new \u2013 30% 1-year)<\/li>\n<p><!-- [et_pb_line_break_holder] -->\t<\/p>\n<li><strong>Surface Area : <\/strong>17 ha (14.5 ha in production)<\/li>\n<p><!-- [et_pb_line_break_holder] -->\t<\/p>\n<li><strong>Vinification : <\/strong>Thermoregulated wooden and stainless-steel vats<\/li>\n<p><!-- [et_pb_line_break_holder] -->\t<!-- [et_pb_line_break_holder] -->                                                                                               <!-- [et_pb_line_break_holder] --><\/div>\n<p><!-- [et_pb_line_break_holder] --><\/li>\n<p><!-- [et_pb_line_break_holder] --><\/ul>\n<p><!-- [et_pb_line_break_holder] --><\/div>\n<p><!-- [et_pb_line_break_holder] -->[\/et_pb_code][\/et_pb_column][et_pb_column type=&#8221;1_4&#8243; module_class=&#8221;other_wine&#8221; _builder_version=&#8221;4.9.7&#8243; _module_preset=&#8221;default&#8221;][et_pb_code _builder_version=&#8221;4.9.7&#8243; _module_preset=&#8221;default&#8221;]<a href=\"\/en\/wines\/filia-de-grand-mayne\/\">Filia de Grand Mayne<\/a><!-- [et_pb_line_break_holder] -->[\/et_pb_code][\/et_pb_column][\/et_pb_row][\/et_pb_section]<\/p>\n","protected":false},"excerpt":{"rendered":"<p>[et_pb_section fb_built=&#8221;1&#8243; fullwidth=&#8221;on&#8221; admin_label=&#8221;Menu fullscreen&#8221; module_class=&#8221;fullscreen_hero&#8221; _builder_version=&#8221;4.9.7&#8243; _module_preset=&#8221;default&#8221; custom_margin=&#8221;0px||0px||false|false&#8221; custom_padding=&#8221;0px||||false|false&#8221; hover_enabled=&#8221;0&#8243; background_color=&#8221;RGBA(0,0,0,0)&#8221; sticky_enabled=&#8221;0&#8243;][et_pb_fullwidth_header title=&#8221; Ch\u00e2teauGrand Mayne&#8221; header_fullscreen=&#8221;on&#8221; _builder_version=&#8221;4.9.7&#8243; _module_preset=&#8221;default&#8221; background_enable_color=&#8221;off&#8221; background_image=&#8221;https:\/\/grand-mayne.com\/wp-content\/uploads\/2021\/06\/Ch-Grand-Mayne-2015-Ambiance.png&#8221; parallax=&#8221;on&#8221;]&nbsp;[\/et_pb_fullwidth_header][\/et_pb_section][et_pb_section fb_built=&#8221;1&#8243; module_id=&#8221;under_hero&#8221; module_class=&#8221;nosvins_single&#8221; _builder_version=&#8221;4.9.7&#8243; _module_preset=&#8221;default&#8221; background_color=&#8221;#000000&#8243;][et_pb_row column_structure=&#8221;3_4,1_4&#8243; _builder_version=&#8221;4.9.7&#8243; _module_preset=&#8221;default&#8221;][et_pb_column type=&#8221;3_4&#8243; _builder_version=&#8221;4.9.7&#8243; _module_preset=&#8221;default&#8221;][et_pb_code _builder_version=&#8221;4.9.7&#8243; _module_preset=&#8221;default&#8221;] Ch\u00e2teau Grand Mayne Description : &#8220;A wine must reflect its terroir, its origins. We strongly believe that the uniqueness [&hellip;]<\/p>\n","protected":false},"author":1,"featured_media":0,"parent":1644,"menu_order":0,"comment_status":"closed","ping_status":"closed","template":"","meta":{"_et_pb_use_builder":"on","_et_pb_old_content":"[et_pb_section fb_built=\"1\" fullwidth=\"on\" admin_label=\"Menu fullscreen\" module_class=\"fullscreen_hero\" _builder_version=\"4.9.4\" _module_preset=\"default\" custom_margin=\"0px||0px||false|false\" custom_padding=\"0px||||false|false\"][et_pb_fullwidth_header title=\" Ch\u00e2teau<span class=%22last%22>Grand Mayne<\/span>\" header_fullscreen=\"on\" _builder_version=\"4.9.7\" _module_preset=\"default\" background_enable_color=\"off\" background_image=\"https:\/\/grand-mayne.com\/wp-content\/uploads\/2021\/06\/Ch-Grand-Mayne-2015-Ambiance.png\" parallax=\"on\"]<a href=\"#under_hero\"><span class=\"losange_v\">\u00a0<\/span><\/a>[\/et_pb_fullwidth_header][\/et_pb_section][et_pb_section fb_built=\"1\" module_id=\"under_hero\" module_class=\"nosvins_single\" _builder_version=\"4.9.7\" _module_preset=\"default\" background_color=\"#000000\"][et_pb_row column_structure=\"3_4,1_4\" _builder_version=\"4.9.7\" _module_preset=\"default\"][et_pb_column type=\"3_4\" _builder_version=\"4.9.7\" _module_preset=\"default\"][et_pb_code _builder_version=\"4.9.7\" _module_preset=\"default\" hover_enabled=\"0\" sticky_enabled=\"0\"]<img src=\"\/wp-content\/uploads\/2021\/06\/Ch-Grand-Mayne-SM.png\"><!-- [et_pb_line_break_holder] --><!-- [et_pb_line_break_holder] --><div class=\"content\"><!-- [et_pb_line_break_holder] --><!-- [et_pb_line_break_holder] --><h2>Ch\u00e2teau Grand Mayne<\/h2><!-- [et_pb_line_break_holder] --><ul><!-- [et_pb_line_break_holder] -->\t<li><strong>Pr\u00e9sentation :<\/strong> <br><i>\u00ab Un vin doit \u00eatre le reflet de son terroir, de ses origines. La notion de lieu est pour nous fondamentale dans la conception d\u2019un grand vin \u00bb<\/i><!-- [et_pb_line_break_holder] -->Jean-Antoine & Damien NONY<br><br><!-- [et_pb_line_break_holder] -->A cet \u00e9gard, les vins du Ch\u00e2teau Grand Mayne se veulent \u00eatre les dignes repr\u00e9sentants des grands terroirs de calcaires et d\u2019argiles du coteau et pied de coteau ouest de Saint-Emilion.<!-- [et_pb_line_break_holder] -->Subtil assemblage du Merlot et du Cabernet Franc, les vins de Grand Mayne allient \u00e9l\u00e9gance et puissance, finesse et tension.<!-- [et_pb_line_break_holder] -->Connus pour leur grande capacit\u00e9 de garde, les vins r\u00e9alis\u00e9s \u00e0 Grand Mayne depuis quelques ann\u00e9es sont d\u00e9sormais plus ouverts et accessibles dans leur prime jeunesse.<!-- [et_pb_line_break_holder] -->  <\/li><\/ul><!-- [et_pb_line_break_holder] -->  <ul><!-- [et_pb_line_break_holder] -->    <li><strong>Appellation :<\/strong> Saint-Emilion Grand Cru<\/li><!-- [et_pb_line_break_holder] -->    <li><strong>Assemblage type :<\/strong> 80% Merlot \/ 20% Cabernet Franc<\/li><!-- [et_pb_line_break_holder] -->\t<li><strong>Terroir :<\/strong> C\u00f4teau argilo-calcaire et pied de c\u00f4teau d\u2019argile<\/li><!-- [et_pb_line_break_holder] -->\t<li><strong>\u00c2ge des vignes :<\/strong> 35 ans<\/li><!-- [et_pb_line_break_holder] -->\t<li><strong>\u00c9levage :<\/strong> 18 mois en barriques (60 % neuves \u2013 40 % 1 an)<\/li><!-- [et_pb_line_break_holder] -->\t<li><strong>Superficie :<\/strong> 17 ha<\/li><!-- [et_pb_line_break_holder] -->\t<li><strong>Vinification :<\/strong> Cuves bois et inox thermos-r\u00e9gul\u00e9es<\/li><!-- [et_pb_line_break_holder] -->\t<li><strong>Fiche technique :<\/strong> <!-- [et_pb_line_break_holder] -->    <div class=\"content_links\"><!-- [et_pb_line_break_holder] -->  <a target=\"_blank\" href=\"\/wp-content\/uploads\/2021\/06\/fiche-GRAND-MAYNE-2018.pdf\" rel=\"noopener\">2018<\/a><!-- [et_pb_line_break_holder] -->  <a target=\"_blank\" href=\"\/wp-content\/uploads\/2021\/06\/ChateauGrandMayne2017.pdf\" rel=\"noopener\">2017<\/a><!-- [et_pb_line_break_holder] -->  <a target=\"_blank\" href=\"\/wp-content\/uploads\/2021\/06\/ChateauGrandMayne2016.pdf\" rel=\"noopener\">2016<\/a><!-- [et_pb_line_break_holder] -->  <a target=\"_blank\" href=\"\/wp-content\/uploads\/2021\/06\/ChateauGrandMayne2015.pdf\" rel=\"noopener\">2015<\/a><!-- [et_pb_line_break_holder] -->  <a target=\"_blank\" href=\"\/wp-content\/uploads\/2021\/06\/Chateau-Grand-Mayne-2014.pdf\" rel=\"noopener\">2014<\/a><!-- [et_pb_line_break_holder] -->  <a target=\"_blank\" href=\"\/wp-content\/uploads\/2021\/06\/Filia-de-Grand-Mayne-2013.pdf\" rel=\"noopener\">2013<\/a><!-- [et_pb_line_break_holder] -->  <a target=\"_blank\" href=\"\/wp-content\/uploads\/2021\/06\/Chateau-Grand-Mayne-2012.pdf\" rel=\"noopener\">2012<\/a><!-- [et_pb_line_break_holder] -->  <a target=\"_blank\" href=\"\/wp-content\/uploads\/2021\/06\/Chateau-Grand-Mayne-2011.pdf\" rel=\"noopener\">2011<\/a><!-- [et_pb_line_break_holder] -->  <a target=\"_blank\" href=\"\/wp-content\/uploads\/2021\/06\/Chateau-Grand-Mayne-2010.pdf\" rel=\"noopener\">2010<\/a><!-- [et_pb_line_break_holder] -->  <a target=\"_blank\" href=\"\/wp-content\/uploads\/2021\/06\/Chateau-Grand-Mayne-2009.pdf\" rel=\"noopener\">2009<\/a><!-- [et_pb_line_break_holder] -->  <a target=\"_blank\" href=\"\/wp-content\/uploads\/2021\/06\/Chateau-Grand-Mayne-2008.pdf\" rel=\"noopener\">2008<\/a><!-- [et_pb_line_break_holder] -->  <a target=\"_blank\" href=\"\/wp-content\/uploads\/2021\/06\/ChateauGrandMayne2007.pdf\" rel=\"noopener\">2007<\/a><!-- [et_pb_line_break_holder] -->  <a target=\"_blank\" href=\"\/wp-content\/uploads\/2021\/06\/ChateauGrandMayne2006.pdf\" rel=\"noopener\">2006<\/a><!-- [et_pb_line_break_holder] -->  <a target=\"_blank\" href=\"\/wp-content\/uploads\/2021\/06\/ChateauGrandMayne2005.pdf\" rel=\"noopener\">2005<\/a><!-- [et_pb_line_break_holder] -->  <a target=\"_blank\" href=\"\/wp-content\/uploads\/2021\/06\/ChateauGrandMayne2004.pdf\" rel=\"noopener\">2004<\/a><!-- [et_pb_line_break_holder] -->  <a target=\"_blank\" href=\"\/wp-content\/uploads\/2021\/06\/ChateauGrandMayne2003.pdf\" rel=\"noopener\">2003<\/a><!-- [et_pb_line_break_holder] -->  <a target=\"_blank\" href=\"\/wp-content\/uploads\/2021\/06\/ChateauGrandMayne2002.pdf\" rel=\"noopener\">2002<\/a><!-- [et_pb_line_break_holder] -->  <a target=\"_blank\" href=\"\/wp-content\/uploads\/2021\/06\/ChateauGrandMayne2001.pdf\" rel=\"noopener\">2001<\/a><!-- [et_pb_line_break_holder] -->  <a target=\"_blank\" href=\"\/wp-content\/uploads\/2021\/06\/ChateauGrandMayne2000.pdf\" rel=\"noopener\">2000<\/a><!-- [et_pb_line_break_holder] -->  <a target=\"_blank\" href=\"\/wp-content\/uploads\/2021\/06\/ChateauGrandMayne1998.pdf\" rel=\"noopener\">1998<\/a><!-- [et_pb_line_break_holder] -->      <a target=\"_blank\" href=\"\/wp-content\/uploads\/2021\/06\/ChateauGrandMayne1995.pdf\" rel=\"noopener\">1995<\/a><!-- [et_pb_line_break_holder] -->      <a target=\"_blank\" href=\"\/wp-content\/uploads\/2021\/06\/ChateauGrandMayne1990.pdf\" rel=\"noopener\">1990<\/a><!-- [et_pb_line_break_holder] -->      <a target=\"_blank\" href=\"\/wp-content\/uploads\/2021\/06\/ChateauGrandMayne1989.pdf\" rel=\"noopener\">1989<\/a><!-- [et_pb_line_break_holder] -->      <a target=\"_blank\" href=\"\/wp-content\/uploads\/2021\/06\/ChateauGrandMayne1988.pdf\" rel=\"noopener\">1988<\/a><!-- [et_pb_line_break_holder] -->      <a target=\"_blank\" href=\"\/wp-content\/uploads\/2021\/06\/ChateauGrandMayne1981.pdf\" rel=\"noopener\">1981<\/a><!-- [et_pb_line_break_holder] -->      <a target=\"_blank\" href=\"\/wp-content\/uploads\/2021\/06\/ChateauGrandMayne1978.pdf\" rel=\"noopener\">1978<\/a><!-- [et_pb_line_break_holder] -->      <a target=\"_blank\" href=\"\/wp-content\/uploads\/2021\/06\/ChateauGrandMayne1970.pdf\" rel=\"noopener\">1970<\/a><!-- [et_pb_line_break_holder] -->      <a target=\"_blank\" href=\"\/wp-content\/uploads\/2021\/06\/ChateauGrandMayne1964.pdf\" rel=\"noopener\">1964<\/a><!-- [et_pb_line_break_holder] -->      <a target=\"_blank\" href=\"\/wp-content\/uploads\/2021\/06\/ChateauGrandMayne1961.pdf\" rel=\"noopener\">1961<\/a><!-- [et_pb_line_break_holder] -->      <a target=\"_blank\" href=\"\/wp-content\/uploads\/2021\/06\/ChateauGrandMayne1955.pdf\" rel=\"noopener\">1955<\/a><!-- [et_pb_line_break_holder] -->                                                                                               <!-- [et_pb_line_break_holder] --><\/div><!-- [et_pb_line_break_holder] --><\/li><!-- [et_pb_line_break_holder] --><\/ul><!-- [et_pb_line_break_holder] --><\/div><!-- [et_pb_line_break_holder] -->[\/et_pb_code][\/et_pb_column][et_pb_column type=\"1_4\" module_class=\"other_wine\" _builder_version=\"4.9.7\" _module_preset=\"default\"][et_pb_code _builder_version=\"4.9.7\" _module_preset=\"default\"]<a href=\"\/nos-vins\/filia-de-grand-mayne\/\">Filia de Grand Mayne<\/a><!-- [et_pb_line_break_holder] -->[\/et_pb_code][\/et_pb_column][\/et_pb_row][\/et_pb_section]","_et_gb_content_width":"","footnotes":""},"class_list":["post-1653","page","type-page","status-publish","hentry"],"_links":{"self":[{"href":"https:\/\/grand-mayne.com\/en\/wp-json\/wp\/v2\/pages\/1653","targetHints":{"allow":["GET"]}}],"collection":[{"href":"https:\/\/grand-mayne.com\/en\/wp-json\/wp\/v2\/pages"}],"about":[{"href":"https:\/\/grand-mayne.com\/en\/wp-json\/wp\/v2\/types\/page"}],"author":[{"embeddable":true,"href":"https:\/\/grand-mayne.com\/en\/wp-json\/wp\/v2\/users\/1"}],"replies":[{"embeddable":true,"href":"https:\/\/grand-mayne.com\/en\/wp-json\/wp\/v2\/comments?post=1653"}],"version-history":[{"count":8,"href":"https:\/\/grand-mayne.com\/en\/wp-json\/wp\/v2\/pages\/1653\/revisions"}],"predecessor-version":[{"id":2166,"href":"https:\/\/grand-mayne.com\/en\/wp-json\/wp\/v2\/pages\/1653\/revisions\/2166"}],"up":[{"embeddable":true,"href":"https:\/\/grand-mayne.com\/en\/wp-json\/wp\/v2\/pages\/1644"}],"wp:attachment":[{"href":"https:\/\/grand-mayne.com\/en\/wp-json\/wp\/v2\/media?parent=1653"}],"curies":[{"name":"wp","href":"https:\/\/api.w.org\/{rel}","templated":true}]}}