{"id":1659,"date":"2021-08-30T16:23:09","date_gmt":"2021-08-30T14:23:09","guid":{"rendered":"https:\/\/grand-mayne.com\/?page_id=1659"},"modified":"2025-03-13T11:38:19","modified_gmt":"2025-03-13T10:38:19","slug":"filia-de-grand-mayne","status":"publish","type":"page","link":"https:\/\/grand-mayne.com\/en\/wines\/filia-de-grand-mayne\/","title":{"rendered":"Filia de Grand Mayne"},"content":{"rendered":"<p>[et_pb_section fb_built=&#8221;1&#8243; fullwidth=&#8221;on&#8221; admin_label=&#8221;Menu fullscreen&#8221; module_class=&#8221;fullscreen_hero&#8221; _builder_version=&#8221;4.9.7&#8243; _module_preset=&#8221;default&#8221; custom_margin=&#8221;0px||0px||false|false&#8221; custom_padding=&#8221;0px||||false|false&#8221; hover_enabled=&#8221;0&#8243; background_color=&#8221;RGBA(0,0,0,0)&#8221; sticky_enabled=&#8221;0&#8243;][et_pb_fullwidth_header title=&#8221;Filia de  <span class=%22last%22>Grand Mayne<\/span>&#8221; header_fullscreen=&#8221;on&#8221; _builder_version=&#8221;4.9.7&#8243; _module_preset=&#8221;default&#8221; background_enable_color=&#8221;off&#8221; background_image=&#8221;https:\/\/grand-mayne.com\/wp-content\/uploads\/2021\/07\/Untitled_2.21.1.jpg&#8221; parallax=&#8221;on&#8221;]<a href=\"#under_hero\"><span class=\"losange_v\">&nbsp;<\/span><\/a>[\/et_pb_fullwidth_header][\/et_pb_section][et_pb_section fb_built=&#8221;1&#8243; module_id=&#8221;under_hero&#8221; module_class=&#8221;nosvins_single&#8221; _builder_version=&#8221;4.9.7&#8243; _module_preset=&#8221;default&#8221; background_color=&#8221;#000000&#8243;][et_pb_row column_structure=&#8221;3_4,1_4&#8243; _builder_version=&#8221;4.9.7&#8243; _module_preset=&#8221;default&#8221;][et_pb_column type=&#8221;3_4&#8243; _builder_version=&#8221;4.9.7&#8243; _module_preset=&#8221;default&#8221;][et_pb_code _builder_version=&#8221;4.9.7&#8243; _module_preset=&#8221;default&#8221;]<img decoding=\"async\" src=\"\/wp-content\/uploads\/2021\/06\/Filia-de-Grand-Mayne-SM.png\"><!-- [et_pb_line_break_holder] --><!-- [et_pb_line_break_holder] --><\/p>\n<div class=\"content\"><!-- [et_pb_line_break_holder] --><!-- [et_pb_line_break_holder] --><\/p>\n<h2>Filia Grand Mayne<\/h2>\n<p><!-- [et_pb_line_break_holder] -->  <\/p>\n<ul>\n<li><strong>Description :<\/strong> Filia de Grand Mayne, formerly named &#8220;Les Plantes du Mayne&#8221; from 1986 to 2007, is the second wine of Ch\u00e2teau Grand Mayne. This new designation of Latin origin and meaning &#8220;daughter&#8221; evokes the filial link with its illustrious elder. This cuv\u00e9e is produced from vines growing at the foot of the hillside on southern and western clayey sand soils and young vines.<!-- [et_pb_line_break_holder] -->Filia&#8217;s blend fulfils the same quality objective as the estate&#8217;s first wine. Vinified in thermoregulated wooden and stainless-steel vats, the distinctive flavours of Filia de Grand Mayne integrate and mature in French oak barrels for 14 months.<!-- [et_pb_line_break_holder] --><!-- [et_pb_line_break_holder] --><!-- [et_pb_line_break_holder] -->  <\/li>\n<p><!-- [et_pb_line_break_holder] -->  <\/ul>\n<p><!-- [et_pb_line_break_holder] -->  <\/p>\n<ul><!-- [et_pb_line_break_holder] -->    \t<\/p>\n<li><strong>Appellation : <\/strong> Saint-Emilion Grand Cru<\/li>\n<p><!-- [et_pb_line_break_holder] -->\t<\/p>\n<li><strong>Typical Blend : <\/strong> 90% Merlot \/ 10% Cabernet Franc<\/li>\n<p><!-- [et_pb_line_break_holder] -->\t<\/p>\n<li><strong>Soil Type : <\/strong> Clay-limestone on the hillside and, at its foot, on clay soil<\/li>\n<p><!-- [et_pb_line_break_holder] -->  <\/p>\n<li><strong>Vine Age : <\/strong>35 years<\/li>\n<p><!-- [et_pb_line_break_holder] -->  <\/p>\n<li><strong>Maturing : <\/strong>18 months in barrels (70% new \u2013 30% 1-year)<\/li>\n<p><!-- [et_pb_line_break_holder] -->  <\/p>\n<li><strong>Surface Area : <\/strong>17 ha (14.5 ha in production)<\/li>\n<p><!-- [et_pb_line_break_holder] -->\t<\/p>\n<li><strong>Vinification : <\/strong>Thermoregulated wooden and stainless-steel vats<\/li>\n<p><!-- [et_pb_line_break_holder] -->\t<\/p>\n<li><strong>Technical Data Sheet : <\/strong> <!-- [et_pb_line_break_holder] -->\n<div class=\"content_links\"><!-- [et_pb_line_break_holder] -->      <a target=\"_blank\" href=\"\/wp-content\/uploads\/2021\/08\/LesPlantesDuMayne2007_Correction-FR-UK.pdf\" rel=\"noopener\">2007<\/a><!-- [et_pb_line_break_holder] -->      <a target=\"_blank\" href=\"\/wp-content\/uploads\/2021\/08\/LesPlantesDuMayne2006_Correction-FR-UK.pdf\" rel=\"noopener\">2006<\/a><!-- [et_pb_line_break_holder] -->      <a target=\"_blank\" href=\"\/wp-content\/uploads\/2021\/08\/LesPlantesDuMayne2005_Correction-FR-UK.pdf\" rel=\"noopener\">2005<\/a><!-- [et_pb_line_break_holder] -->        <a target=\"_blank\" href=\"\/wp-content\/uploads\/2021\/08\/LesPlantesDuMayne2004_Correction-FR-UK.pdf\" rel=\"noopener\">2004<\/a><!-- [et_pb_line_break_holder] -->  <a target=\"_blank\" href=\"\/wp-content\/uploads\/2021\/08\/LesPlantesDuMayne2000_Correction-FR-UK.pdf\" rel=\"noopener\">2000<\/a><!-- [et_pb_line_break_holder] -->                                                                                               <!-- [et_pb_line_break_holder] --><\/div>\n<p><!-- [et_pb_line_break_holder] --><\/li>\n<p><!-- [et_pb_line_break_holder] --><\/ul>\n<p><!-- [et_pb_line_break_holder] --><\/div>\n<p><!-- [et_pb_line_break_holder] -->[\/et_pb_code][\/et_pb_column][et_pb_column type=&#8221;1_4&#8243; module_class=&#8221;other_wine&#8221; _builder_version=&#8221;4.9.7&#8243; _module_preset=&#8221;default&#8221;][et_pb_code _builder_version=&#8221;4.9.7&#8243; _module_preset=&#8221;default&#8221;]<a href=\"\/en\/wines\/chateau-grand-mayne\/\">Ch\u00e2teau Grand Mayne<\/a>[\/et_pb_code][\/et_pb_column][\/et_pb_row][\/et_pb_section]<\/p>\n","protected":false},"excerpt":{"rendered":"<p>[et_pb_section fb_built=&#8221;1&#8243; fullwidth=&#8221;on&#8221; admin_label=&#8221;Menu fullscreen&#8221; module_class=&#8221;fullscreen_hero&#8221; _builder_version=&#8221;4.9.7&#8243; _module_preset=&#8221;default&#8221; custom_margin=&#8221;0px||0px||false|false&#8221; custom_padding=&#8221;0px||||false|false&#8221; hover_enabled=&#8221;0&#8243; background_color=&#8221;RGBA(0,0,0,0)&#8221; sticky_enabled=&#8221;0&#8243;][et_pb_fullwidth_header title=&#8221;Filia de Grand Mayne&#8221; header_fullscreen=&#8221;on&#8221; _builder_version=&#8221;4.9.7&#8243; _module_preset=&#8221;default&#8221; background_enable_color=&#8221;off&#8221; background_image=&#8221;https:\/\/grand-mayne.com\/wp-content\/uploads\/2021\/07\/Untitled_2.21.1.jpg&#8221; parallax=&#8221;on&#8221;]&nbsp;[\/et_pb_fullwidth_header][\/et_pb_section][et_pb_section fb_built=&#8221;1&#8243; module_id=&#8221;under_hero&#8221; module_class=&#8221;nosvins_single&#8221; _builder_version=&#8221;4.9.7&#8243; _module_preset=&#8221;default&#8221; background_color=&#8221;#000000&#8243;][et_pb_row column_structure=&#8221;3_4,1_4&#8243; _builder_version=&#8221;4.9.7&#8243; _module_preset=&#8221;default&#8221;][et_pb_column type=&#8221;3_4&#8243; _builder_version=&#8221;4.9.7&#8243; _module_preset=&#8221;default&#8221;][et_pb_code _builder_version=&#8221;4.9.7&#8243; _module_preset=&#8221;default&#8221;] Filia Grand Mayne Description : Filia de Grand Mayne, formerly named &#8220;Les Plantes du Mayne&#8221; from 1986 to [&hellip;]<\/p>\n","protected":false},"author":1,"featured_media":0,"parent":1644,"menu_order":0,"comment_status":"closed","ping_status":"closed","template":"","meta":{"_et_pb_use_builder":"on","_et_pb_old_content":"[et_pb_section fb_built=\"1\" fullwidth=\"on\" admin_label=\"Menu fullscreen\" module_class=\"fullscreen_hero\" _builder_version=\"4.9.4\" _module_preset=\"default\" custom_margin=\"0px||0px||false|false\" custom_padding=\"0px||||false|false\"][et_pb_fullwidth_header title=\"Filia de  <span class=%22last%22>Grand Mayne<\/span>\" header_fullscreen=\"on\" _builder_version=\"4.9.7\" _module_preset=\"default\" background_enable_color=\"off\" background_image=\"https:\/\/grand-mayne.com\/wp-content\/uploads\/2021\/07\/Untitled_2.21.1.jpg\" parallax=\"on\"]<a href=\"#under_hero\"><span class=\"losange_v\">\u00a0<\/span><\/a>[\/et_pb_fullwidth_header][\/et_pb_section][et_pb_section fb_built=\"1\" module_id=\"under_hero\" module_class=\"nosvins_single\" _builder_version=\"4.9.7\" _module_preset=\"default\" background_color=\"#000000\"][et_pb_row column_structure=\"3_4,1_4\" _builder_version=\"4.9.7\" _module_preset=\"default\"][et_pb_column type=\"3_4\" _builder_version=\"4.9.7\" _module_preset=\"default\"][et_pb_code _builder_version=\"4.9.7\" _module_preset=\"default\" hover_enabled=\"0\" sticky_enabled=\"0\"]<img src=\"\/wp-content\/uploads\/2021\/06\/Filia-de-Grand-Mayne-SM.png\"><!-- [et_pb_line_break_holder] --><!-- [et_pb_line_break_holder] --><div class=\"content\"><!-- [et_pb_line_break_holder] --><!-- [et_pb_line_break_holder] --><h2>Filia Grand Mayne<\/h2><!-- [et_pb_line_break_holder] -->  <ul><li><strong>Pr\u00e9sentation :<\/strong> <br>Rebaptis\u00e9e en 2008 (apr\u00e8s avoir \u00e9t\u00e9 nomm\u00e9e \u00ab Plantes du Mayne \u00bb de 1986 \u00e0 2007), Filia est la deuxi\u00e8me cuv\u00e9e du Ch\u00e2teau Grand Mayne.<br><!-- [et_pb_line_break_holder] -->Signifiant \u00ab fille \u00bb en latin, FILIA rappelle ainsi le lien de filiation qui la relie \u00e0 son illustre ain\u00e9e.<br><!-- [et_pb_line_break_holder] -->Cette cuv\u00e9e est issue des terroirs de pied de c\u00f4te sud et ouest, argilo-sableux, ainsi que des jeunes vignes du domaine.<br><!-- [et_pb_line_break_holder] -->L\u2019assemblage de Filia est r\u00e9alis\u00e9 avec le m\u00eame objectif de qualit\u00e9 que son glorieux a\u00een\u00e9. Vinifi\u00e9 en cuves bois et cuves inox thermo r\u00e9gul\u00e9es, ce vin est ensuite \u00e9lev\u00e9 pendant 14 mois en barriques.<!-- [et_pb_line_break_holder] --><!-- [et_pb_line_break_holder] -->  <\/li><!-- [et_pb_line_break_holder] -->  <\/ul><!-- [et_pb_line_break_holder] -->  <ul><!-- [et_pb_line_break_holder] -->    \t<li><strong>Appellation :<\/strong> Saint-Emilion Grand Cru<\/li><!-- [et_pb_line_break_holder] -->\t<li><strong>Assemblage type :<\/strong> 90% Merlot \/ 10% Cabernet Franc<\/li><!-- [et_pb_line_break_holder] -->\t<li><strong>\u00c9levage :<\/strong> 14 mois en barriques<\/li><!-- [et_pb_line_break_holder] -->\t<li><strong>Vinification :<\/strong> Cuves bois et inox thermos-r\u00e9gul\u00e9es<\/li><!-- [et_pb_line_break_holder] -->\t<li><strong>Fiche technique :<\/strong> <!-- [et_pb_line_break_holder] -->    <div class=\"content_links\"><!-- [et_pb_line_break_holder] -->  <a target=\"_blank\" href=\"\/wp-content\/uploads\/2021\/06\/Filia-de-Grand-Mayne-2016.pdf\" rel=\"noopener\">2016<\/a><!-- [et_pb_line_break_holder] -->  <a target=\"_blank\" href=\"\/wp-content\/uploads\/2021\/06\/Filia-de-Grand-Mayne-2015.pdf\" rel=\"noopener\">2015<\/a><!-- [et_pb_line_break_holder] -->  <a target=\"_blank\" href=\"\/wp-content\/uploads\/2021\/06\/Filia-de-Grand-Mayne-2013.pdf\" rel=\"noopener\">2013<\/a><!-- [et_pb_line_break_holder] -->  <a target=\"_blank\" href=\"\/wp-content\/uploads\/2021\/06\/Filia-de-Grand-Mayne-2012.pdf\" rel=\"noopener\">2012<\/a><!-- [et_pb_line_break_holder] -->  <a target=\"_blank\" href=\"\/wp-content\/uploads\/2021\/06\/Filia-de-Grand-Mayne-2011.pdf\" rel=\"noopener\">2011<\/a><!-- [et_pb_line_break_holder] -->  <a target=\"_blank\" href=\"\/wp-content\/uploads\/2021\/06\/Filia-de-Grand-Mayne-2010.pdf\" rel=\"noopener\">2010<\/a><!-- [et_pb_line_break_holder] -->  <a target=\"_blank\" href=\"\/wp-content\/uploads\/2021\/06\/Filia-de-Grand-Mayne-2009.pdf\" rel=\"noopener\">2009<\/a><!-- [et_pb_line_break_holder] -->                                                                                               <!-- [et_pb_line_break_holder] --><\/div><!-- [et_pb_line_break_holder] --><\/li><!-- [et_pb_line_break_holder] --><\/ul><!-- [et_pb_line_break_holder] --><\/div><!-- [et_pb_line_break_holder] -->[\/et_pb_code][\/et_pb_column][et_pb_column type=\"1_4\" module_class=\"other_wine\" _builder_version=\"4.9.7\" _module_preset=\"default\"][et_pb_code _builder_version=\"4.9.7\" _module_preset=\"default\"]<a href=\"\/nos-vins\/chateau-grand-mayne\/\">Ch\u00e2teau Grand Mayne<\/a>[\/et_pb_code][\/et_pb_column][\/et_pb_row][\/et_pb_section]","_et_gb_content_width":"","footnotes":""},"class_list":["post-1659","page","type-page","status-publish","hentry"],"_links":{"self":[{"href":"https:\/\/grand-mayne.com\/en\/wp-json\/wp\/v2\/pages\/1659","targetHints":{"allow":["GET"]}}],"collection":[{"href":"https:\/\/grand-mayne.com\/en\/wp-json\/wp\/v2\/pages"}],"about":[{"href":"https:\/\/grand-mayne.com\/en\/wp-json\/wp\/v2\/types\/page"}],"author":[{"embeddable":true,"href":"https:\/\/grand-mayne.com\/en\/wp-json\/wp\/v2\/users\/1"}],"replies":[{"embeddable":true,"href":"https:\/\/grand-mayne.com\/en\/wp-json\/wp\/v2\/comments?post=1659"}],"version-history":[{"count":7,"href":"https:\/\/grand-mayne.com\/en\/wp-json\/wp\/v2\/pages\/1659\/revisions"}],"predecessor-version":[{"id":2168,"href":"https:\/\/grand-mayne.com\/en\/wp-json\/wp\/v2\/pages\/1659\/revisions\/2168"}],"up":[{"embeddable":true,"href":"https:\/\/grand-mayne.com\/en\/wp-json\/wp\/v2\/pages\/1644"}],"wp:attachment":[{"href":"https:\/\/grand-mayne.com\/en\/wp-json\/wp\/v2\/media?parent=1659"}],"curies":[{"name":"wp","href":"https:\/\/api.w.org\/{rel}","templated":true}]}}