{"id":1744,"date":"2021-09-01T09:53:16","date_gmt":"2021-09-01T07:53:16","guid":{"rendered":"https:\/\/grand-mayne.com\/?page_id=1744"},"modified":"2025-03-13T11:37:13","modified_gmt":"2025-03-13T10:37:13","slug":"legal-notice","status":"publish","type":"page","link":"https:\/\/grand-mayne.com\/en\/legal-notice\/","title":{"rendered":"Legal notice"},"content":{"rendered":"<p>[et_pb_section fb_built=&#8221;1&#8243; fullwidth=&#8221;on&#8221; admin_label=&#8221;Menu fullscreen&#8221; module_class=&#8221;fullscreen_hero simple_page&#8221; _builder_version=&#8221;4.9.7&#8243; _module_preset=&#8221;default&#8221; custom_margin=&#8221;0px||0px||false|false&#8221; custom_padding=&#8221;0px||||false|false&#8221; hover_enabled=&#8221;0&#8243; background_color=&#8221;RGBA(0,0,0,0)&#8221; sticky_enabled=&#8221;0&#8243;][et_pb_fullwidth_header title=&#8221;Legal <br \/><span class=%22last%22>notice<\/span>&#8221; header_fullscreen=&#8221;on&#8221; button_one_url=&#8221;\/&#8221; _builder_version=&#8221;4.9.7&#8243; _module_preset=&#8221;default&#8221; title_text_color=&#8221;#FFFFFF&#8221; content_link_text_color=&#8221;#7E3B63&#8243; background_enable_color=&#8221;off&#8221; background_image=&#8221;https:\/\/grand-mayne.com\/wp-content\/uploads\/2021\/04\/hero-home.png&#8221; content_link_text_color__hover_enabled=&#8221;on|hover&#8221; content_link_text_color__hover=&#8221;#FFFFFF&#8221;]Ch\u00e2teau Grand Mayne reserves the right to modify the information and content of this website at any time. It is therefore advisable to consult regularly the latest version in force.<\/p>\n<p>The content of this website means the general structure, texts, moving or non-moving images, and sounds of which the website is composed. Any total or partial representation of this website and its content, by any means whatsoever, without prior written authorization from Ch\u00e2teau Grand Mayne, is prohibited and would constitute an infringement sanctioned by Articles L. 335- 2 et seq. of the Intellectual Property Code.<\/p>\n<p>By reason only of its connection to the website, the user acknowledges accepting from Ch\u00e2teau Grand Mayne, a license to use the content of the website strictly limited to the following imperative conditions:<\/p>\n<p>>> This license, granted on a non-exclusive basis, is not transferable to a third party.<\/p>\n<p>>> The right of use conferred on the user is personal and private, which means that any reproduction of the content of the website on any medium for collective or professional use, even internally within the company, is prohibited. The same applies to any communication of this content by electronic means, even if it is distributed on the intranet or on the corporate extranet.<\/p>\n<p>>> This use only includes permission to reproduce for storage for single-station display and reproduction in one copy, for backup copy and hard copy.<\/p>\n<p>>> Any other use is subject to the express prior authorisation of Ch\u00e2teau Grand Mayne.<\/p>\n<p>Violation of these provisions subjects the offender and all persons responsible to the criminal and civil penalties provided for by French law.<\/p>\n<p>Users of the Ch\u00e2teau Grand Mayne website are required to comply with the provisions of the Data Protection Act, the violation of which is punishable by criminal penalties. In particular, they must refrain, with regard to the personal information to which they have access, from any collection, misuse and, in general, from any act likely to harm the privacy or reputation of individuals.<\/p>\n<p>Under the General Data Protection Regulation (GDPR) No. 78- 17 of 6 January 1978, you have a right of access to request rectification or erasure of personal data. You can exercise this right by sending a letter to our head office.<\/p>\n<p>Hosting of the website is provided by Offensive, a digital communication agency, on a dedicated OVH server.[\/et_pb_fullwidth_header][\/et_pb_section]<\/p>\n","protected":false},"excerpt":{"rendered":"<p>[et_pb_section fb_built=&#8221;1&#8243; fullwidth=&#8221;on&#8221; admin_label=&#8221;Menu fullscreen&#8221; module_class=&#8221;fullscreen_hero simple_page&#8221; _builder_version=&#8221;4.9.7&#8243; _module_preset=&#8221;default&#8221; custom_margin=&#8221;0px||0px||false|false&#8221; custom_padding=&#8221;0px||||false|false&#8221; hover_enabled=&#8221;0&#8243; background_color=&#8221;RGBA(0,0,0,0)&#8221; sticky_enabled=&#8221;0&#8243;][et_pb_fullwidth_header title=&#8221;Legal notice&#8221; header_fullscreen=&#8221;on&#8221; button_one_url=&#8221;\/&#8221; _builder_version=&#8221;4.9.7&#8243; _module_preset=&#8221;default&#8221; title_text_color=&#8221;#FFFFFF&#8221; content_link_text_color=&#8221;#7E3B63&#8243; background_enable_color=&#8221;off&#8221; background_image=&#8221;https:\/\/grand-mayne.com\/wp-content\/uploads\/2021\/04\/hero-home.png&#8221; content_link_text_color__hover_enabled=&#8221;on|hover&#8221; content_link_text_color__hover=&#8221;#FFFFFF&#8221;]Ch\u00e2teau Grand Mayne reserves the right to modify the information and content of this website at any time. It is therefore advisable to consult regularly the latest version in force. [&hellip;]<\/p>\n","protected":false},"author":1,"featured_media":0,"parent":0,"menu_order":0,"comment_status":"closed","ping_status":"closed","template":"","meta":{"_et_pb_use_builder":"on","_et_pb_old_content":"[et_pb_section fb_built=\"1\" fullwidth=\"on\" admin_label=\"Menu fullscreen\" module_class=\"fullscreen_hero simple_page\" _builder_version=\"4.9.7\" _module_preset=\"default\" custom_margin=\"0px||0px||false|false\" custom_padding=\"0px||||false|false\"][et_pb_fullwidth_header title=\"Mentions <br><span class=%22last%22>l\u00e9gales<\/span>\" header_fullscreen=\"on\" button_one_url=\"\/\" _builder_version=\"4.9.7\" _module_preset=\"default\" title_text_color=\"#FFFFFF\" content_link_text_color=\"#7E3B63\" background_enable_color=\"off\" background_image=\"https:\/\/grand-mayne.com\/wp-content\/uploads\/2021\/04\/hero-home.png\" hover_enabled=\"0\" content_link_text_color__hover_enabled=\"on|hover\" content_link_text_color__hover=\"#FFFFFF\" sticky_enabled=\"0\"]<p>Grand Mayne se r\u00e9serve le droit de modifier les informations et le contenu du site \u00e0 tout instant. Il vous est donc conseill\u00e9 de consulter r\u00e9guli\u00e8rement la derni\u00e8re version en vigueur.<\/p>\r\n<p>On entend par contenu du pr\u00e9sent site la structure g\u00e9n\u00e9rale, les textes, les images anim\u00e9es ou non, et les sons dont le site est compos\u00e9. Toute repr\u00e9sentation totale ou partielle de ce site et de son contenu, par quelques proc\u00e9d\u00e9s que ce soient, sans autorisation pr\u00e9alable \u00e9crite de Grand Mayne, est interdite et constituerait une contrefa\u00e7on sanctionn\u00e9e par les articles L. 335-2 et suivants du Code de la propri\u00e9t\u00e9 intellectuelle.<\/p>\r\n<p>Du seul fait de sa connexion au site, l\u2019utilisateur reconna\u00eet accepter de Grand Mayne, une licence d\u2019usage du contenu du site strictement limit\u00e9e aux conditions imp\u00e9ratives suivantes :<\/p>\r\n<p>>> La pr\u00e9sente licence, accord\u00e9e \u00e0 titre non exclusif, n\u2019est pas transmissible \u00e0 un tiers.<\/p>\r\n<p>>> Le droit d\u2019usage conf\u00e9r\u00e9 \u00e0 l\u2019utilisateur est personnel et priv\u00e9, ce qui signifie que toute reproduction du contenu du site sur un quelconque support pour un usage collectif ou professionnel, m\u00eame en interne dans l\u2019entreprise, est prohib\u00e9e. Il en est de m\u00eame pour toute communication de ce contenu par voie \u00e9lectronique, m\u00eame diffus\u00e9 en intranet ou en extranet d\u2019entreprise.<\/p>\r\n<p>>> Cet usage comprend seulement l\u2019autorisation de reproduire pour stockage aux fins de repr\u00e9sentation sur \u00e9cran monoposte et de reproduction en un exemplaire, pour copie de sauvegarde et tirage papier.<\/p>\r\n<p>>> Tout autre usage est soumis \u00e0 l\u2019autorisation expresse pr\u00e9alable de Grand Mayne.<\/p>\r\n<p>La violation de ces dispositions soumet le contrevenant et toutes personnes responsables aux peines p\u00e9nales et civiles pr\u00e9vues par la loi fran\u00e7aise.<\/p>\r\n<p>Les utilisateurs du site de Grand Mayne, sont tenus de respecter les dispositions de la loi informatique, fichiers et libert\u00e9s, dont la violation est passible de sanctions p\u00e9nales. Ils doivent notamment s\u2019abstenir, s\u2019agissant des informations nominatives auxquelles ils acc\u00e8dent, de toute collecte, de toute utilisation d\u00e9tourn\u00e9e, et d\u2019une mani\u00e8re g\u00e9n\u00e9rale, de tout acte susceptible de porter atteinte \u00e0 la vie priv\u00e9e ou \u00e0 la r\u00e9putation des personnes.<\/p>\r\n<p>Conform\u00e9ment \u00e0 l\u2019article 34 de la Loi \u00ab Informatique et Libert\u00e9s \u00bb n\u00b0 78-17 du 6 janvier 1978, vous disposez d\u2019un droit d\u2019acc\u00e8s, de modification, de rectification et de suppression des donn\u00e9es qui vous concernent. Vous pouvez l\u2019exercer en adressant un courrier \u00e0 notre si\u00e8ge social.<\/p>\r\n<p><a href=\"offensive.digital\" target=\"_blank\" rel=\"noopener\">Conception et d\u00e9veloppement du site par Offensive.<\/a><\/p>\r\n<p>L\u2019h\u00e9bergement du site est assur\u00e9 par IONOS.<\/p>[\/et_pb_fullwidth_header][\/et_pb_section]","_et_gb_content_width":"","footnotes":""},"class_list":["post-1744","page","type-page","status-publish","hentry"],"_links":{"self":[{"href":"https:\/\/grand-mayne.com\/en\/wp-json\/wp\/v2\/pages\/1744","targetHints":{"allow":["GET"]}}],"collection":[{"href":"https:\/\/grand-mayne.com\/en\/wp-json\/wp\/v2\/pages"}],"about":[{"href":"https:\/\/grand-mayne.com\/en\/wp-json\/wp\/v2\/types\/page"}],"author":[{"embeddable":true,"href":"https:\/\/grand-mayne.com\/en\/wp-json\/wp\/v2\/users\/1"}],"replies":[{"embeddable":true,"href":"https:\/\/grand-mayne.com\/en\/wp-json\/wp\/v2\/comments?post=1744"}],"version-history":[{"count":7,"href":"https:\/\/grand-mayne.com\/en\/wp-json\/wp\/v2\/pages\/1744\/revisions"}],"predecessor-version":[{"id":2162,"href":"https:\/\/grand-mayne.com\/en\/wp-json\/wp\/v2\/pages\/1744\/revisions\/2162"}],"wp:attachment":[{"href":"https:\/\/grand-mayne.com\/en\/wp-json\/wp\/v2\/media?parent=1744"}],"curies":[{"name":"wp","href":"https:\/\/api.w.org\/{rel}","templated":true}]}}