{"id":2256,"date":"2025-03-13T09:38:26","date_gmt":"2025-03-13T08:38:26","guid":{"rendered":"https:\/\/grand-mayne.com\/les-receptions-au-chateau\/"},"modified":"2025-04-17T14:59:29","modified_gmt":"2025-04-17T12:59:29","slug":"receptions-at-the-chateau","status":"publish","type":"page","link":"https:\/\/grand-mayne.com\/en\/receptions-at-the-chateau\/","title":{"rendered":"Receptions at the Ch\u00e2teau"},"content":{"rendered":"<p>[et_pb_section fb_built=&#8221;1&#8243; custom_padding_last_edited=&#8221;on|phone&#8221; admin_label=&#8221;L&#8217;Exp\u00e9rience Grand Mayne&#8221; module_class=&#8221;fullscreen_hero visite&#8221; _builder_version=&#8221;4.9.7&#8243; _module_preset=&#8221;default&#8221; background_image=&#8221;https:\/\/grand-mayne.com\/wp-content\/uploads\/2025\/03\/reception-vie-de-chateau-grand-mayne-1.jpg&#8221; custom_padding=&#8221;|220px||220px|false|false&#8221; custom_padding_tablet=&#8221;|50px||50px|false|false&#8221; custom_padding_phone=&#8221;|20px||20px|false|false&#8221; collapsed=&#8221;off&#8221;][et_pb_row _builder_version=&#8221;4.9.7&#8243; _module_preset=&#8221;default&#8221;][et_pb_column type=&#8221;4_4&#8243; _builder_version=&#8221;4.9.7&#8243; _module_preset=&#8221;default&#8221;][et_pb_text admin_label=&#8221;Titres&#8221; module_class=&#8221;title-visite&#8221; _builder_version=&#8221;4.9.7&#8243; _module_preset=&#8221;default&#8221; text_font_size=&#8221;66px&#8221; text_line_height=&#8221;1.8em&#8221; header_font_size=&#8221;55px&#8221; custom_margin=&#8221;50px||||false|false&#8221;]<\/p>\n<h1 style=\"font-weight: 300;\">L&#8217;Exp\u00e9rience Grand Mayne<br \/><span style=\"text-transform: uppercase; font-weight: 500;\"><br \/>EVENTS<\/span><\/h1>\n<p>[\/et_pb_text][\/et_pb_column][\/et_pb_row][\/et_pb_section][et_pb_section fb_built=&#8221;1&#8243; custom_padding_last_edited=&#8221;on|phone&#8221; admin_label=&#8221;L&#8217;Orangerie&#8221; _builder_version=&#8221;4.9.7&#8243; _module_preset=&#8221;default&#8221; background_color=&#8221;#000000&#8243; custom_margin=&#8221;-55px|||||&#8221; custom_padding=&#8221;|220px|0px|220px|false|false&#8221; custom_padding_tablet=&#8221;|50px||50px|false|false&#8221; custom_padding_phone=&#8221;|20px||20px|false|false&#8221; collapsed=&#8221;off&#8221;][et_pb_row admin_label=&#8221;Titre et contenu&#8221; _builder_version=&#8221;4.9.7&#8243; _module_preset=&#8221;default&#8221;][et_pb_column type=&#8221;4_4&#8243; _builder_version=&#8221;4.9.7&#8243; _module_preset=&#8221;default&#8221;][et_pb_text admin_label=&#8221;Titre&#8221; _builder_version=&#8221;4.9.7&#8243; _module_preset=&#8221;default&#8221; custom_margin=&#8221;||75px|||&#8221; custom_padding=&#8221;0px|||||&#8221;]<\/p>\n<h2>The Orangery<\/h2>\n<p>[\/et_pb_text][et_pb_text _builder_version=&#8221;4.9.7&#8243; _module_preset=&#8221;default&#8221; custom_margin=&#8221;||-43px|||&#8221; custom_padding=&#8221;||0px|220px|false|false&#8221; custom_padding_tablet=&#8221;|||50px|false|false&#8221; custom_padding_phone=&#8221;|||20px|false|false&#8221; custom_padding_last_edited=&#8221;on|phone&#8221;]<\/p>\n<p><img loading=\"lazy\" decoding=\"async\" class=\"alignleft wp-image-2060\" src=\"https:\/\/grand-mayne.com\/wp-content\/uploads\/2025\/03\/ORANGE-216x300.png\" alt=\"\" width=\"100\" height=\"139\" \/><\/p>\n<p>The Ch\u00e2teau Orangery is the ideal venue for group receptions of up to 80 people.<\/p>\n<p>Dating from the 18th century and adjoining the ch\u00e2teau, our orangery enjoys breathtaking views of our vineyards on the west side and an uncovered terrace overlooking the ch\u00e2teau&#8217;s park and inner courtyard on the east side.<br \/>After exploring the estate, you can organize lunches or dinners in summer or winter in this wonderful setting.<\/p>\n<p>Contact us to learn more and discuss your project.<\/p>\n<p><img loading=\"lazy\" decoding=\"async\" class=\"aligncenter wp-image-2195 size-full\" src=\"https:\/\/grand-mayne.com\/wp-content\/uploads\/2025\/03\/reception-orangerie-chateau-grand-mayne-1.jpg\" alt=\"\" width=\"2000\" height=\"1500\" srcset=\"https:\/\/grand-mayne.com\/wp-content\/uploads\/2025\/03\/reception-orangerie-chateau-grand-mayne-1.jpg 2000w, https:\/\/grand-mayne.com\/wp-content\/uploads\/2025\/03\/reception-orangerie-chateau-grand-mayne-1-1280x960.jpg 1280w, https:\/\/grand-mayne.com\/wp-content\/uploads\/2025\/03\/reception-orangerie-chateau-grand-mayne-1-980x735.jpg 980w, https:\/\/grand-mayne.com\/wp-content\/uploads\/2025\/03\/reception-orangerie-chateau-grand-mayne-1-480x360.jpg 480w\" sizes=\"auto, (min-width: 0px) and (max-width: 480px) 480px, (min-width: 481px) and (max-width: 980px) 980px, (min-width: 981px) and (max-width: 1280px) 1280px, (min-width: 1281px) 2000px, 100vw\" \/><\/p>\n<p>[\/et_pb_text][\/et_pb_column][\/et_pb_row][et_pb_row admin_label=&#8221;Bouton r\u00e9servation&#8221; _builder_version=&#8221;4.9.7&#8243; _module_preset=&#8221;default&#8221; custom_margin=&#8221;30px||||false|false&#8221; custom_padding=&#8221;0px|||||&#8221;][et_pb_column type=&#8221;4_4&#8243; _builder_version=&#8221;4.9.7&#8243; _module_preset=&#8221;default&#8221;][et_pb_button button_url=&#8221;#&#8221; button_text=&#8221;Contact us for the Orangerie&#8221; button_alignment=&#8221;left&#8221; module_class=&#8221;popmake-2287&#8243; _builder_version=&#8221;4.9.7&#8243; _module_preset=&#8221;default&#8221; custom_button=&#8221;on&#8221; button_text_color=&#8221;#FFFFFF&#8221; button_bg_color=&#8221;#7E3B63&#8243; button_border_color=&#8221;#7E3B63&#8243; button_border_radius=&#8221;0px&#8221; button_font=&#8221;|||on|||||&#8221; background_layout=&#8221;dark&#8221; custom_margin=&#8221;||15px|220px|false|false&#8221; custom_margin_tablet=&#8221;|||50px|false|false&#8221; custom_margin_phone=&#8221;|||20px|false|false&#8221; custom_margin_last_edited=&#8221;on|phone&#8221; custom_padding=&#8221;||||false|false&#8221; button_text_size_tablet=&#8221;&#8221; button_text_size_phone=&#8221;17px&#8221; button_text_size_last_edited=&#8221;on|phone&#8221;][\/et_pb_button][\/et_pb_column][\/et_pb_row][\/et_pb_section][et_pb_section fb_built=&#8221;1&#8243; custom_padding_last_edited=&#8221;on|phone&#8221; admin_label=&#8221;La vie de Ch\u00e2teau &#8221; _builder_version=&#8221;4.9.7&#8243; _module_preset=&#8221;default&#8221; background_color=&#8221;#000000&#8243; custom_margin=&#8221;-55px|||||&#8221; custom_padding=&#8221;|220px|0px|220px|false|false&#8221; custom_padding_tablet=&#8221;|50px||50px|false|false&#8221; custom_padding_phone=&#8221;|20px||20px|false|false&#8221; collapsed=&#8221;off&#8221;][et_pb_row admin_label=&#8221;Titre et contenu&#8221; _builder_version=&#8221;4.9.7&#8243; _module_preset=&#8221;default&#8221;][et_pb_column type=&#8221;4_4&#8243; _builder_version=&#8221;4.9.7&#8243; _module_preset=&#8221;default&#8221;][et_pb_text admin_label=&#8221;Titre&#8221; _builder_version=&#8221;4.9.7&#8243; _module_preset=&#8221;default&#8221; custom_margin=&#8221;||75px|||&#8221; custom_padding=&#8221;0px|||||&#8221;]<\/p>\n<h2>Ch\u00e2teau Life<\/h2>\n<p>[\/et_pb_text][et_pb_text _builder_version=&#8221;4.9.7&#8243; _module_preset=&#8221;default&#8221; custom_margin=&#8221;||-43px|||&#8221; custom_padding=&#8221;||0px|220px|false|false&#8221; custom_padding_tablet=&#8221;|||50px|false|false&#8221; custom_padding_phone=&#8221;|||20px|false|false&#8221; custom_padding_last_edited=&#8221;on|phone&#8221;]<\/p>\n<p><img loading=\"lazy\" decoding=\"async\" class=\"alignleft wp-image-2050\" src=\"https:\/\/grand-mayne.com\/wp-content\/uploads\/2025\/03\/ECUREUIL-300x212.png\" alt=\"\" width=\"163\" height=\"116\" \/><\/p>\n<p>Exclusive experience with Jean-Antoine Nony (co-owner and manager of the estate).<\/p>\n<p>Accompanied by Jean-Antoine, you will share a unique experience.<\/p>\n<p>In his company, you will explore a place, an illustrious Manor*, an ancestral vineyard, and its centuries-old cellars.<\/p>\n<p>A journey to discover a terroir, the expertise of a team, and a family that has overseen the destiny of this estate for nearly a century, followed by a tasting of our two flagship wines.<\/p>\n<p>This journey will conclude with lunch in the ch\u00e2teau&#8217;s dining room with Jean-Antoine.<br \/>Traditional seasonal, bistronomic, &#8220;French-style&#8221; cuisine showcases the terroirs and products of our region.<\/p>\n<p>This meal will be accompanied by various vintages of Ch\u00e2teau Grand Mayne, allowing you to discover food and wine pairings and also to travel back in time with our various vintages. Tour, tasting, and private lunch or dinner for up to 10 people. Please contact us to tailor your lunch or dinner.<\/p>\n<p><img loading=\"lazy\" decoding=\"async\" class=\"aligncenter wp-image-2199 size-full\" src=\"https:\/\/grand-mayne.com\/wp-content\/uploads\/2025\/03\/reception-vie-de-chateau-grand-mayne-2.jpg\" alt=\"\" width=\"2000\" height=\"2000\" srcset=\"https:\/\/grand-mayne.com\/wp-content\/uploads\/2025\/03\/reception-vie-de-chateau-grand-mayne-2.jpg 2000w, https:\/\/grand-mayne.com\/wp-content\/uploads\/2025\/03\/reception-vie-de-chateau-grand-mayne-2-1280x1280.jpg 1280w, https:\/\/grand-mayne.com\/wp-content\/uploads\/2025\/03\/reception-vie-de-chateau-grand-mayne-2-980x980.jpg 980w, https:\/\/grand-mayne.com\/wp-content\/uploads\/2025\/03\/reception-vie-de-chateau-grand-mayne-2-480x480.jpg 480w\" sizes=\"auto, (min-width: 0px) and (max-width: 480px) 480px, (min-width: 481px) and (max-width: 980px) 980px, (min-width: 981px) and (max-width: 1280px) 1280px, (min-width: 1281px) 2000px, 100vw\" \/><\/p>\n<p>[\/et_pb_text][\/et_pb_column][\/et_pb_row][et_pb_row admin_label=&#8221;Bouton r\u00e9servation&#8221; _builder_version=&#8221;4.9.7&#8243; _module_preset=&#8221;default&#8221; custom_margin=&#8221;30px||||false|false&#8221; custom_padding=&#8221;0px|||||&#8221;][et_pb_column type=&#8221;4_4&#8243; _builder_version=&#8221;4.9.7&#8243; _module_preset=&#8221;default&#8221;][et_pb_button button_url=&#8221;#&#8221; button_text=&#8221;Contact us for Ch\u00e2teau life&#8221; button_alignment=&#8221;left&#8221; module_class=&#8221;popmake-2279&#8243; _builder_version=&#8221;4.9.7&#8243; _module_preset=&#8221;default&#8221; custom_button=&#8221;on&#8221; button_text_color=&#8221;#FFFFFF&#8221; button_bg_color=&#8221;#7E3B63&#8243; button_border_color=&#8221;#7E3B63&#8243; button_border_radius=&#8221;0px&#8221; button_font=&#8221;|||on|||||&#8221; background_layout=&#8221;dark&#8221; custom_margin=&#8221;||15px|220px|false|false&#8221; custom_margin_tablet=&#8221;|||50px|false|false&#8221; custom_margin_phone=&#8221;|||20px|false|false&#8221; custom_margin_last_edited=&#8221;on|phone&#8221; custom_padding=&#8221;||||false|false&#8221; button_text_size_tablet=&#8221;&#8221; button_text_size_phone=&#8221;17px&#8221; button_text_size_last_edited=&#8221;on|phone&#8221;][\/et_pb_button][\/et_pb_column][\/et_pb_row][\/et_pb_section]<\/p>\n","protected":false},"excerpt":{"rendered":"<p>[et_pb_section fb_built=&#8221;1&#8243; custom_padding_last_edited=&#8221;on|phone&#8221; admin_label=&#8221;L&#8217;Exp\u00e9rience Grand Mayne&#8221; module_class=&#8221;fullscreen_hero visite&#8221; _builder_version=&#8221;4.9.7&#8243; _module_preset=&#8221;default&#8221; background_image=&#8221;https:\/\/grand-mayne.com\/wp-content\/uploads\/2025\/03\/reception-vie-de-chateau-grand-mayne-1.jpg&#8221; custom_padding=&#8221;|220px||220px|false|false&#8221; custom_padding_tablet=&#8221;|50px||50px|false|false&#8221; custom_padding_phone=&#8221;|20px||20px|false|false&#8221; collapsed=&#8221;off&#8221;][et_pb_row _builder_version=&#8221;4.9.7&#8243; _module_preset=&#8221;default&#8221;][et_pb_column type=&#8221;4_4&#8243; _builder_version=&#8221;4.9.7&#8243; _module_preset=&#8221;default&#8221;][et_pb_text admin_label=&#8221;Titres&#8221; module_class=&#8221;title-visite&#8221; _builder_version=&#8221;4.9.7&#8243; _module_preset=&#8221;default&#8221; text_font_size=&#8221;66px&#8221; text_line_height=&#8221;1.8em&#8221; header_font_size=&#8221;55px&#8221; custom_margin=&#8221;50px||||false|false&#8221;] L&#8217;Exp\u00e9rience Grand MayneEVENTS [\/et_pb_text][\/et_pb_column][\/et_pb_row][\/et_pb_section][et_pb_section fb_built=&#8221;1&#8243; custom_padding_last_edited=&#8221;on|phone&#8221; admin_label=&#8221;L&#8217;Orangerie&#8221; _builder_version=&#8221;4.9.7&#8243; _module_preset=&#8221;default&#8221; background_color=&#8221;#000000&#8243; custom_margin=&#8221;-55px|||||&#8221; custom_padding=&#8221;|220px|0px|220px|false|false&#8221; custom_padding_tablet=&#8221;|50px||50px|false|false&#8221; custom_padding_phone=&#8221;|20px||20px|false|false&#8221; collapsed=&#8221;off&#8221;][et_pb_row admin_label=&#8221;Titre et contenu&#8221; _builder_version=&#8221;4.9.7&#8243; _module_preset=&#8221;default&#8221;][et_pb_column type=&#8221;4_4&#8243; _builder_version=&#8221;4.9.7&#8243; _module_preset=&#8221;default&#8221;][et_pb_text admin_label=&#8221;Titre&#8221; _builder_version=&#8221;4.9.7&#8243; _module_preset=&#8221;default&#8221; custom_margin=&#8221;||75px|||&#8221; [&hellip;]<\/p>\n","protected":false},"author":1,"featured_media":0,"parent":0,"menu_order":0,"comment_status":"closed","ping_status":"closed","template":"","meta":{"_et_pb_use_builder":"on","_et_pb_old_content":"[et_pb_section fb_built=\"1\" custom_padding_last_edited=\"on|phone\" admin_label=\"L'Exp\u00e9rience Grand Mayne\" module_class=\"fullscreen_hero visite\" _builder_version=\"4.9.7\" _module_preset=\"default\" background_image=\"https:\/\/grand-mayne.com\/wp-content\/uploads\/2025\/03\/reception-vie-de-chateau-grand-mayne-1.jpg\" custom_padding=\"|220px||220px|false|false\" custom_padding_tablet=\"|50px||50px|false|false\" custom_padding_phone=\"|20px||20px|false|false\" collapsed=\"off\"][et_pb_row _builder_version=\"4.9.7\" _module_preset=\"default\"][et_pb_column type=\"4_4\" _builder_version=\"4.9.7\" _module_preset=\"default\"][et_pb_text admin_label=\"Titres\" module_class=\"title-visite\" _builder_version=\"4.9.7\" _module_preset=\"default\" text_font_size=\"66px\" text_line_height=\"1.8em\" header_font_size=\"55px\" custom_margin=\"50px||||false|false\"]<h1 style=\"font-weight: 300;\">L'Exp\u00e9rience Grand Mayne<br \/><span style=\"text-transform: uppercase; font-weight: 500;\"><br \/>Les r\u00e9ceptions<\/span><\/h1>[\/et_pb_text][\/et_pb_column][\/et_pb_row][\/et_pb_section][et_pb_section fb_built=\"1\" custom_padding_last_edited=\"on|phone\" admin_label=\"L'Orangerie\" _builder_version=\"4.9.7\" _module_preset=\"default\" background_color=\"#000000\" custom_margin=\"-55px|||||\" custom_padding=\"|220px|0px|220px|false|false\" custom_padding_tablet=\"|50px||50px|false|false\" custom_padding_phone=\"|20px||20px|false|false\" collapsed=\"off\"][et_pb_row admin_label=\"Titre et contenu\" _builder_version=\"4.9.7\" _module_preset=\"default\"][et_pb_column type=\"4_4\" _builder_version=\"4.9.7\" _module_preset=\"default\"][et_pb_text admin_label=\"Titre\" _builder_version=\"4.9.7\" _module_preset=\"default\" custom_margin=\"||75px|||\" custom_padding=\"0px|||||\"]<h2>L\u2019Orangerie<\/h2>[\/et_pb_text][et_pb_text _builder_version=\"4.9.7\" _module_preset=\"default\" custom_margin=\"||-43px|||\" custom_padding=\"||0px|220px|false|false\" custom_padding_tablet=\"|||50px|false|false\" custom_padding_phone=\"|||20px|false|false\" custom_padding_last_edited=\"on|phone\"]<p><img class=\"alignleft wp-image-2060\" src=\"https:\/\/grand-mayne.com\/wp-content\/uploads\/2025\/03\/ORANGE-216x300.png\" alt=\"\" width=\"100\" height=\"139\" \/><br \/>L\u2019Orangerie du Ch\u00e2teau est le lieu id\u00e9al pour les r\u00e9ceptions de groupe jusqu\u2019\u00e0 80 personnes.<\/p>\r\n<p>Datant du XVIII\u00e8me si\u00e8cle et attenante au ch\u00e2teau, notre orangerie b\u00e9n\u00e9ficie c\u00f4t\u00e9 Ouest d\u2019une vue imprenable sur nos vignes et cot\u00e9 Est d\u2019une terrasse non couverte donnant sur le parc et la cour int\u00e9rieure du ch\u00e2teau.<br \/>A l\u2019issue de la d\u00e9couverte du domaine vous pourrez organiser d\u00e9jeuners ou diners en \u00e9t\u00e9 comme en hiver dans ce cadre merveilleux.<\/p>\r\n<p>Contactez-nous pour en savoir plus et \u00e9tudier votre projet.<\/p>\r\n<p><img class=\"aligncenter wp-image-2195 size-full\" src=\"https:\/\/grand-mayne.com\/wp-content\/uploads\/2025\/03\/reception-orangerie-chateau-grand-mayne-1.jpg\" alt=\"\" width=\"2000\" height=\"1500\" \/><\/p>[\/et_pb_text][\/et_pb_column][\/et_pb_row][et_pb_row admin_label=\"Bouton r\u00e9servation\" _builder_version=\"4.9.7\" _module_preset=\"default\" custom_margin=\"30px||||false|false\" custom_padding=\"0px|||||\"][et_pb_column type=\"4_4\" _builder_version=\"4.9.7\" _module_preset=\"default\"][et_pb_button button_url=\"#\" button_text=\"Nous contacter pour l'Orangerie\" button_alignment=\"left\" module_class=\"popmake-2087\" _builder_version=\"4.9.7\" _module_preset=\"default\" custom_button=\"on\" button_text_color=\"#FFFFFF\" button_bg_color=\"#7E3B63\" button_border_color=\"#7E3B63\" button_border_radius=\"0px\" button_font=\"|||on|||||\" background_layout=\"dark\" custom_margin=\"||15px|220px|false|false\" custom_margin_tablet=\"|||50px|false|false\" custom_margin_phone=\"|||20px|false|false\" custom_margin_last_edited=\"on|phone\" custom_padding=\"||||false|false\" hover_enabled=\"0\" button_text_size_tablet=\"\" button_text_size_phone=\"17px\" button_text_size_last_edited=\"on|phone\" sticky_enabled=\"0\"][\/et_pb_button][\/et_pb_column][\/et_pb_row][\/et_pb_section][et_pb_section fb_built=\"1\" custom_padding_last_edited=\"on|phone\" admin_label=\"La vie de Ch\u00e2teau \" _builder_version=\"4.9.7\" _module_preset=\"default\" background_color=\"#000000\" custom_margin=\"-55px|||||\" custom_padding=\"|220px|0px|220px|false|false\" custom_padding_tablet=\"|50px||50px|false|false\" custom_padding_phone=\"|20px||20px|false|false\" collapsed=\"off\"][et_pb_row admin_label=\"Titre et contenu\" _builder_version=\"4.9.7\" _module_preset=\"default\"][et_pb_column type=\"4_4\" _builder_version=\"4.9.7\" _module_preset=\"default\"][et_pb_text admin_label=\"Titre\" _builder_version=\"4.9.7\" _module_preset=\"default\" custom_margin=\"||75px|||\" custom_padding=\"0px|||||\"]<h2>La Vie de Ch\u00e2teau<\/h2>[\/et_pb_text][et_pb_text _builder_version=\"4.9.7\" _module_preset=\"default\" custom_margin=\"||-43px|||\" custom_padding=\"||0px|220px|false|false\" custom_padding_tablet=\"|||50px|false|false\" custom_padding_phone=\"|||20px|false|false\" custom_padding_last_edited=\"on|phone\"]<p><img class=\"alignleft wp-image-2050\" src=\"https:\/\/grand-mayne.com\/wp-content\/uploads\/2025\/03\/ECUREUIL-300x212.png\" alt=\"\" width=\"163\" height=\"116\" \/>Exp\u00e9rience exclusive avec <strong>Jean-Antoine Nony<\/strong> (co-propri\u00e9taire et g\u00e9rant du domaine).<\/p>\r\n<p>Accompagn\u00e9 de Jean-Antoine, vous partagerez une exp\u00e9rience unique.<\/p>\r\n<p>En sa compagnie, vous partirez \u00e0 la d\u00e9couverte d\u2019un lieu, d\u2019un illustre Manoir* d\u2019un vignoble ancestral et de ses chais s\u00e9culaires.<\/p>\r\n<p>Un parcours \u00e0 la rencontre d\u2019un terroir, du savoir-faire d\u2019une \u00e9quipe et d\u2019une famille qui veille \u00e0 la destin\u00e9e de ce domaine depuis pr\u00e8s d\u2019un si\u00e8cle suivi d\u2019une d\u00e9gustation de nos deux vins \u00e9tendards.<\/p>\r\n<p>Ce parcours s\u2019ach\u00e8vera par un d\u00e9jeuner dans la salle \u00e0 manger du ch\u00e2teau en compagnie de Jean-Antoine.<br \/>Une cuisine traditionnelle de saison, bistronomique, \u00ab \u00e0 la Fran\u00e7aise \u00bb mettant en valeur les terroirs et produits de notre r\u00e9gion.<\/p>\r\n<p>Ce repas sera agr\u00e9ment\u00e9 de diff\u00e9rents mill\u00e9simes de Ch\u00e2teau Grand Mayne qui vous permettra de d\u00e9couvrir les accords mets et vins mais aussi de voyager dans le temps avec nos diff\u00e9rents mill\u00e9simes.<br \/>Visite, d\u00e9gustation et d\u00e9jeuner ou diner privatif jusqu\u2019\u00e0 10 personnes. Veuillez nous contacter pour \u00e9tudier sur mesure votre d\u00e9jeuner ou diner.<\/p>\r\n<p><img class=\"aligncenter wp-image-2199 size-full\" src=\"https:\/\/grand-mayne.com\/wp-content\/uploads\/2025\/03\/reception-vie-de-chateau-grand-mayne-2.jpg\" alt=\"\" width=\"2000\" height=\"2000\" \/><\/p>[\/et_pb_text][\/et_pb_column][\/et_pb_row][et_pb_row admin_label=\"Bouton r\u00e9servation\" _builder_version=\"4.9.7\" _module_preset=\"default\" custom_margin=\"30px||||false|false\" custom_padding=\"0px|||||\"][et_pb_column type=\"4_4\" _builder_version=\"4.9.7\" _module_preset=\"default\"][et_pb_button button_url=\"#\" button_text=\"Nous contacter pour La vie de Ch\u00e2teau\" button_alignment=\"left\" module_class=\"popmake-2095\" _builder_version=\"4.9.7\" _module_preset=\"default\" custom_button=\"on\" button_text_color=\"#FFFFFF\" button_bg_color=\"#7E3B63\" button_border_color=\"#7E3B63\" button_border_radius=\"0px\" button_font=\"|||on|||||\" background_layout=\"dark\" custom_margin=\"||15px|220px|false|false\" custom_margin_tablet=\"|||50px|false|false\" custom_margin_phone=\"|||20px|false|false\" custom_margin_last_edited=\"on|phone\" custom_padding=\"||||false|false\" hover_enabled=\"0\" button_text_size_tablet=\"\" button_text_size_phone=\"17px\" button_text_size_last_edited=\"on|phone\" sticky_enabled=\"0\"][\/et_pb_button][\/et_pb_column][\/et_pb_row][\/et_pb_section]","_et_gb_content_width":"","footnotes":""},"class_list":["post-2256","page","type-page","status-publish","hentry"],"_links":{"self":[{"href":"https:\/\/grand-mayne.com\/en\/wp-json\/wp\/v2\/pages\/2256","targetHints":{"allow":["GET"]}}],"collection":[{"href":"https:\/\/grand-mayne.com\/en\/wp-json\/wp\/v2\/pages"}],"about":[{"href":"https:\/\/grand-mayne.com\/en\/wp-json\/wp\/v2\/types\/page"}],"author":[{"embeddable":true,"href":"https:\/\/grand-mayne.com\/en\/wp-json\/wp\/v2\/users\/1"}],"replies":[{"embeddable":true,"href":"https:\/\/grand-mayne.com\/en\/wp-json\/wp\/v2\/comments?post=2256"}],"version-history":[{"count":6,"href":"https:\/\/grand-mayne.com\/en\/wp-json\/wp\/v2\/pages\/2256\/revisions"}],"predecessor-version":[{"id":2296,"href":"https:\/\/grand-mayne.com\/en\/wp-json\/wp\/v2\/pages\/2256\/revisions\/2296"}],"wp:attachment":[{"href":"https:\/\/grand-mayne.com\/en\/wp-json\/wp\/v2\/media?parent=2256"}],"curies":[{"name":"wp","href":"https:\/\/api.w.org\/{rel}","templated":true}]}}